{"id":135,"date":"2013-02-28T19:36:43","date_gmt":"2013-02-28T19:36:43","guid":{"rendered":"http:\/\/sincomerciariosararaquara.com.br\/site\/?page_id=135"},"modified":"2013-02-28T19:36:43","modified_gmt":"2013-02-28T19:36:43","slug":"homologacao","status":"publish","type":"page","link":"https:\/\/sincomerciariosararaquara.com.br\/home\/homologacao\/","title":{"rendered":"Homologa\u00e7\u00e3o"},"content":{"rendered":"<p>Documentos no ato \u00a0homologat\u00f3rio:<\/p>\n<p>&nbsp;<br \/>\n&#8211; Termo de Rescis\u00e3o do Contrato de Trabalho e Termo de Homologa\u00e7\u00e3o (5 vias)<\/p>\n<p>&#8211; G. R. R. F. (Multa Rescis\u00f3ria \u2013 2 vias \u2013 autentica\u00e7\u00e3o original)<\/p>\n<p>&#8211; Demonstrativo do Trab. Recolhimento FGTS Rescis\u00f3rio &#8211; (2 vias)<\/p>\n<p>&#8211; Extrato para Fins Rescis\u00f3rios do FGTS (2 vias)<\/p>\n<p>&#8211; Chave de Identifica\u00e7\u00e3o (2 vias)<\/p>\n<p>&#8211; Carta de Avios Pr\u00e9vio \u2013 Dispensa\/Pedido de Demiss\u00e3o (3 vias)<\/p>\n<p>&#8211; Seguro Desemprego (formul\u00e1rio)<\/p>\n<p>&#8211; Exame M\u00e9dico Demissional (3 vias)<\/p>\n<p>&#8211; Carta de Apresenta\u00e7\u00e3o<\/p>\n<p>&#8211; Livro ou Ficha de Registro de Empregados<\/p>\n<p>&#8211; Carteira de Trabalho \u2013 atualizada<\/p>\n<p>&#8211; Certificado de REPIS (ME \/ EPP)<\/p>\n<p>&#8211; Guias de recolhimento\/Contribui\u00e7\u00e3o<\/p>\n<p>&nbsp;<\/p>\n<p>&nbsp;<\/p>\n<p>Contato para homologa\u00e7\u00f5es com Elaine:<\/p>\n<p>homologacao@secararaquara.com.br<\/p>\n<p>Fone: (16) 3397-4894 \/ (16) 3397-4895<\/p>\n<p>&nbsp;<\/p>\n<p><object id=\"1ac8795a-db0a-99ac-c848-99914999a481\" width=\"0\" height=\"0\" type=\"application\/gas-events-abn\"><\/object><\/p>\n","protected":false},"excerpt":{"rendered":"<p>Documentos no ato \u00a0homologat\u00f3rio: &nbsp; &#8211; Termo de Rescis\u00e3o do Contrato de Trabalho e Termo de Homologa\u00e7\u00e3o (5 vias) &#8211; G. R. R. F. (Multa Rescis\u00f3ria \u2013 2 vias \u2013 autentica\u00e7\u00e3o original) &#8211; Demonstrativo do Trab. Recolhimento FGTS Rescis\u00f3rio &#8211; (2 vias) &#8211; Extrato para Fins Rescis\u00f3rios do FGTS (2 vias) &#8211; Chave de Identifica\u00e7\u00e3o [&hellip;]<\/p>\n","protected":false},"author":1,"featured_media":0,"parent":0,"menu_order":0,"comment_status":"open","ping_status":"closed","template":"","meta":{"_et_pb_use_builder":"","_et_pb_old_content":"","_et_gb_content_width":"","footnotes":""},"class_list":["post-135","page","type-page","status-publish","hentry"],"_links":{"self":[{"href":"https:\/\/sincomerciariosararaquara.com.br\/home\/wp-json\/wp\/v2\/pages\/135","targetHints":{"allow":["GET"]}}],"collection":[{"href":"https:\/\/sincomerciariosararaquara.com.br\/home\/wp-json\/wp\/v2\/pages"}],"about":[{"href":"https:\/\/sincomerciariosararaquara.com.br\/home\/wp-json\/wp\/v2\/types\/page"}],"author":[{"embeddable":true,"href":"https:\/\/sincomerciariosararaquara.com.br\/home\/wp-json\/wp\/v2\/users\/1"}],"replies":[{"embeddable":true,"href":"https:\/\/sincomerciariosararaquara.com.br\/home\/wp-json\/wp\/v2\/comments?post=135"}],"version-history":[{"count":0,"href":"https:\/\/sincomerciariosararaquara.com.br\/home\/wp-json\/wp\/v2\/pages\/135\/revisions"}],"wp:attachment":[{"href":"https:\/\/sincomerciariosararaquara.com.br\/home\/wp-json\/wp\/v2\/media?parent=135"}],"curies":[{"name":"wp","href":"https:\/\/api.w.org\/{rel}","templated":true}]}}