{"id":151,"date":"2013-02-28T19:55:11","date_gmt":"2013-02-28T19:55:11","guid":{"rendered":"http:\/\/sincomerciariosararaquara.com.br\/site\/?page_id=151"},"modified":"2013-02-28T19:55:11","modified_gmt":"2013-02-28T19:55:11","slug":"sindicalize-se","status":"publish","type":"page","link":"https:\/\/sincomerciariosararaquara.com.br\/home\/sindicalize-se\/","title":{"rendered":"Sindicalize-se"},"content":{"rendered":"<p><strong>DEPARTAMENTO DE ORIENTA\u00c7\u00c3O \/ INFORMA\u00c7\u00c3O<br \/>\n<\/strong>Antes de tomar atitude em rela\u00e7\u00e3o a qualquer problema que eventualmente ocorra em seu trabalho, procure orienta\u00e7\u00e3o no Sindicato.<\/p>\n<p><strong>DEPARTAMENTO JUR\u00cdDICO<br \/>\n<\/strong>\u00c1reas trabalhista, c\u00edvel e fam\u00edlia.<\/p>\n<p><strong>AUX\u00cdLIO NATALIDADE<br \/>\n<\/strong><strong>No valor correspondente a produtos b\u00e1sicos necess\u00e1rias ao resc\u00e9m-nascido.<\/strong><\/p>\n<p><strong>CONVENIO S\u00c3O FRANCISCO SA\u00daDE<\/strong><br \/>\nAssist\u00eancia completa mediante a apresenta\u00e7\u00e3o do recibo da mensalidade e carteirinha de s\u00f3cio.<\/p>\n<p><strong>COL\u00d4NIA DE F\u00c9RIAS<br \/>\n<\/strong>Localizada na Praia Grande (Vila Mirim), frente para o mar, contendo 3 piscinas (adultos e crian\u00e7as), sauna (masculina e feminina), sala de jogos, sala de televis\u00e3o, restaurante, bar e lanchonete com m\u00fasica ao vivo, pista de dan\u00e7a, apartamentos coletivos, conjugado, luxo e su\u00edte m\u00e1ster.<\/p>\n<p><strong>ASSISTENCIA ODONTOL\u00d3GICA &#8211; Dr\u00aa. VIRGINIA DE MOURA<br \/>\n<\/strong>Atende associados (as) e seus dependentes. Atendimento com hora marcada. Agende sua consulta.<\/p>\n<p><strong>DEPARTAMENTO HOMOLOGA\u00c7\u00c3O<br \/>\n<\/strong>A partir de 06 meses de registro, a empresa est\u00e1 obrigada a fazer o pagamento das verbas rescis\u00f3rias no sindicato ( est\u00e1 na Conven\u00e7\u00e3o Coletiva).<\/p>\n<p><strong>OUTROS BENEF\u00cdCIOS<br \/>\n<\/strong>Conven\u00e7\u00e3o Coletiva de Trabalho (mais de oitenta cl\u00e1usulas), Conven\u00e7\u00e3o de hor\u00e1rio de Trabalho, sorteio de brindes atrav\u00e9s do Jornal O Sindical \u2013 conv\u00eanio seguro de vida, fax e xerox de documentos pessoais totalmente gr\u00e1tis.<\/p>\n<p><strong>ARRAI\u00c1 DOS COMERCI\u00c1RIOS<br \/>\n<\/strong><strong>Festa anual, em junho ou julho.<\/strong><\/p>\n<p><strong>TORNEIOS ESPORTIVOS<br \/>\n<\/strong>Torneios de Futsal, Truco e outros. Para participar basta trabalhar no com\u00e9rcio e estar em dia com suas obriga\u00e7\u00f5es para com o Sindicato.<\/p>\n<p><strong>FESTA DAS CRIAN\u00c7AS<br \/>\n<\/strong>Todos os anos no m\u00eas de outubro realizamos uma grande festa para os filhos de nossos associados, com palha\u00e7os, refrigerantes, lanches, pipocas, guloseimas, etc.<\/p>\n<p><strong>SAL\u00c3O SOCIAL<br \/>\n<\/strong>Para festas, eventos diversos e cursos.<\/p>\n<p><strong>AULAS DE KARAT\u00ca<br \/>\n<\/strong>Pratique karat\u00ea. Adultos e crian\u00e7as. Local \u2013 Sal\u00e3o Social do Sindicato.<\/p>\n<p><strong>ATENDIMENTO PSICOL\u00d3GICO<br \/>\n<\/strong>Atende associados (as) e seus dependentes na sede da Av. Barroso. Atendimento com hora marcada. Agende sua consulta.<\/p>\n<p><strong>RECREA\u00c7\u00c3O INFANTIL &#8211; ESCOLA GIRASSOL<br \/>\n<\/strong>Crian\u00e7a de 1 \u00e0 6 anos \u2013 com desconto especial de 10% para associados \u2013 Fone 3337-9837.<\/p>\n<p><strong>ATENDIMENTO MANICURE E PEDICURE<br \/>\n<\/strong>Atende associados (as) e seus dependentes na sede da Av. Barroso. Atendimento com hora marcada.<\/p>\n","protected":false},"excerpt":{"rendered":"<p>DEPARTAMENTO DE ORIENTA\u00c7\u00c3O \/ INFORMA\u00c7\u00c3O Antes de tomar atitude em rela\u00e7\u00e3o a qualquer problema que eventualmente ocorra em seu trabalho, procure orienta\u00e7\u00e3o no Sindicato. DEPARTAMENTO JUR\u00cdDICO \u00c1reas trabalhista, c\u00edvel e fam\u00edlia. AUX\u00cdLIO NATALIDADE No valor correspondente a produtos b\u00e1sicos necess\u00e1rias ao resc\u00e9m-nascido. CONVENIO S\u00c3O FRANCISCO SA\u00daDE Assist\u00eancia completa mediante a apresenta\u00e7\u00e3o do recibo da mensalidade [&hellip;]<\/p>\n","protected":false},"author":1,"featured_media":0,"parent":0,"menu_order":0,"comment_status":"open","ping_status":"closed","template":"","meta":{"_et_pb_use_builder":"","_et_pb_old_content":"","_et_gb_content_width":"","footnotes":""},"class_list":["post-151","page","type-page","status-publish","hentry"],"_links":{"self":[{"href":"https:\/\/sincomerciariosararaquara.com.br\/home\/wp-json\/wp\/v2\/pages\/151","targetHints":{"allow":["GET"]}}],"collection":[{"href":"https:\/\/sincomerciariosararaquara.com.br\/home\/wp-json\/wp\/v2\/pages"}],"about":[{"href":"https:\/\/sincomerciariosararaquara.com.br\/home\/wp-json\/wp\/v2\/types\/page"}],"author":[{"embeddable":true,"href":"https:\/\/sincomerciariosararaquara.com.br\/home\/wp-json\/wp\/v2\/users\/1"}],"replies":[{"embeddable":true,"href":"https:\/\/sincomerciariosararaquara.com.br\/home\/wp-json\/wp\/v2\/comments?post=151"}],"version-history":[{"count":0,"href":"https:\/\/sincomerciariosararaquara.com.br\/home\/wp-json\/wp\/v2\/pages\/151\/revisions"}],"wp:attachment":[{"href":"https:\/\/sincomerciariosararaquara.com.br\/home\/wp-json\/wp\/v2\/media?parent=151"}],"curies":[{"name":"wp","href":"https:\/\/api.w.org\/{rel}","templated":true}]}}