{"id":170,"date":"2013-02-28T20:26:19","date_gmt":"2013-02-28T20:26:19","guid":{"rendered":"http:\/\/sincomerciariosararaquara.com.br\/site\/?page_id=170"},"modified":"2013-02-28T20:26:19","modified_gmt":"2013-02-28T20:26:19","slug":"circulares","status":"publish","type":"page","link":"https:\/\/sincomerciariosararaquara.com.br\/home\/circulares\/","title":{"rendered":"Circulares"},"content":{"rendered":"<p><a href=\"http:\/\/sincomerciariosararaquara.com.br\/site\/festa-dos-comerciarios-e-das-criancas\/\">Festa dos Comerci\u00e1rios e das Crian\u00e7as<\/a><br \/>\n<a href=\"http:\/\/sincomerciariosararaquara.com.br\/site\/excursao-centro-de-lazer-do-comerciarios\/\">Excurs\u00e3o Centro de Lazer do Comerci\u00e1rios<\/a><br \/>\n<a href=\"http:\/\/sincomerciariosararaquara.com.br\/site\/comunicado-da-camara-municipal-horario-do-comercio-aos-sabados-1309\/\">Comunicado da C\u00e2mara Municipal &#8211; Hor\u00e1rio do Com\u00e9rcio aos S\u00e1bados 13\/09<\/a><br \/>\n<a href=\"http:\/\/sincomerciariosararaquara.com.br\/site\/festa-das-criancas-dos-comerciarios-3010\/\">Festa das Crian\u00e7as dos Comerci\u00e1rios 30\/10<\/a><br \/>\n<a href=\"http:\/\/sincomerciariosararaquara.com.br\/site\/comunicado-do-falecimento-do-sr-milton-mariotini\/\">Comunicado do falecimento do Sr. Milton Mariotini<\/a><br \/>\n<a href=\"http:\/\/sincomerciariosararaquara.com.br\/site\/arraia-dos-comerciarios2011\/\">Arrai\u00e1 dos Comerci\u00e1rios\/2011<\/a><br \/>\n<a href=\"http:\/\/sincomerciariosararaquara.com.br\/site\/horario-de-trabalho-dos-festejos-carnavalescos2011\/\">Hor\u00e1rio de Trabalho dos Festejos Carnavalescos\/2011<\/a><br \/>\n<a href=\"http:\/\/sincomerciariosararaquara.com.br\/img\/Feriado20112010.jpg\" target=\"_blank\">Circular Trabalho Autorizado para dia 20\/11\/2010<\/a><br \/>\n<a href=\"http:\/\/sincomerciariosararaquara.com.br\/site\/circular-trabalho-autorizado-para-dia-20112010\/\">Circular da Conven\u00e7\u00e3o Coletiva de Trabalho do Com\u00e9rcio 2009\/2010<\/a><br \/>\n<a href=\"http:\/\/sincomerciariosararaquara.com.br\/site\/horario-do-comercio-dezembro2009\/\">Hor\u00e1rio do Com\u00e9rcio Dezembro\/2009<\/a><br \/>\n<a href=\"http:\/\/sincomerciariosararaquara.com.br\/site\/convencao-coletiva-de-trabalho-fecomerciarios-sindicatos-filiados-x-sincodiv-20092010\/\">Circular de Concession\u00e1rias e Distribuidores de Ve\u00edculos Janeiro 2010 Circulares<\/a><\/p>\n","protected":false},"excerpt":{"rendered":"<p>Festa dos Comerci\u00e1rios e das Crian\u00e7as Excurs\u00e3o Centro de Lazer do Comerci\u00e1rios Comunicado da C\u00e2mara Municipal &#8211; Hor\u00e1rio do Com\u00e9rcio aos S\u00e1bados 13\/09 Festa das Crian\u00e7as dos Comerci\u00e1rios 30\/10 Comunicado do falecimento do Sr. Milton Mariotini Arrai\u00e1 dos Comerci\u00e1rios\/2011 Hor\u00e1rio de Trabalho dos Festejos Carnavalescos\/2011 Circular Trabalho Autorizado para dia 20\/11\/2010 Circular da Conven\u00e7\u00e3o Coletiva [&hellip;]<\/p>\n","protected":false},"author":1,"featured_media":0,"parent":0,"menu_order":0,"comment_status":"open","ping_status":"closed","template":"","meta":{"_et_pb_use_builder":"","_et_pb_old_content":"","_et_gb_content_width":"","footnotes":""},"class_list":["post-170","page","type-page","status-publish","hentry"],"_links":{"self":[{"href":"https:\/\/sincomerciariosararaquara.com.br\/home\/wp-json\/wp\/v2\/pages\/170","targetHints":{"allow":["GET"]}}],"collection":[{"href":"https:\/\/sincomerciariosararaquara.com.br\/home\/wp-json\/wp\/v2\/pages"}],"about":[{"href":"https:\/\/sincomerciariosararaquara.com.br\/home\/wp-json\/wp\/v2\/types\/page"}],"author":[{"embeddable":true,"href":"https:\/\/sincomerciariosararaquara.com.br\/home\/wp-json\/wp\/v2\/users\/1"}],"replies":[{"embeddable":true,"href":"https:\/\/sincomerciariosararaquara.com.br\/home\/wp-json\/wp\/v2\/comments?post=170"}],"version-history":[{"count":0,"href":"https:\/\/sincomerciariosararaquara.com.br\/home\/wp-json\/wp\/v2\/pages\/170\/revisions"}],"wp:attachment":[{"href":"https:\/\/sincomerciariosararaquara.com.br\/home\/wp-json\/wp\/v2\/media?parent=170"}],"curies":[{"name":"wp","href":"https:\/\/api.w.org\/{rel}","templated":true}]}}