{"id":1721,"date":"2013-02-28T19:58:02","date_gmt":"2013-02-28T19:58:02","guid":{"rendered":"http:\/\/sincomerciariosararaquara.com.br\/site\/?page_id=155"},"modified":"2013-02-28T19:58:02","modified_gmt":"2013-02-28T19:58:02","slug":"colonia-de-ferias","status":"publish","type":"page","link":"https:\/\/sincomerciariosararaquara.com.br\/home\/colonia-de-ferias\/","title":{"rendered":"Col\u00f4nia de F\u00e9rias"},"content":{"rendered":"<p>Venha conhecer e se divertir na Col\u00f4nia de F\u00e9rias dos Comerci\u00e1rios do Estado de S\u00e3o Paulo. Momentos inesquec\u00edveis de descontra\u00e7\u00e3o e lazer.<\/p>\n<p>Apartamentos:\u00a0Muito confort\u00e1veis e bem decorados, com frigobar e ar condicionado.<br \/>\nPiscinas:\u00a0Para adultos e crian\u00e7as.<br \/>\nSolarium:\u00a0Jardinagem e ilumina\u00e7\u00e3o.<br \/>\nAcademia:\u00a0Esteiras, bicicletas ergom\u00e9tricas, steps, pesos, tudo para deix\u00e1-lo em forma.<br \/>\nSauna:\u00a0Seca e a vapor.<br \/>\nSal\u00e3o de Jogos:\u00a0Mesas de bilhar, ping-pong, pebolim e fliperamas.<br \/>\nRecrea\u00e7\u00e3o Infantil:\u00a0Sala de v\u00eddeo, \u00e1rea de atividades, playground com v\u00e1rios brinquedos, copa para fazer mamadeiras e Frald\u00e1rio.<br \/>\nCinema:\u00a0Sala com poltronas anat\u00f4micas e sistema Home Theater.<br \/>\nSala Internet:\u00a0Com 10 computadores para acessar a internet.<br \/>\nSal\u00e3o Social:\u00a0para festas e bailes com capacidade para 800 pessoas e vista para praia.<br \/>\nRestaurante:\u00a0Sistema Self Service.<br \/>\nLanchonete \/ Bar:\u00a0Diversas por\u00e7\u00f5es e bebidas com acesso \u00e0s piscinas e show ao vivo.<\/p>\n<p>Nossa col\u00f4nia fica em Praia Grande na Vila Mirim de frente para praia e vai proporcionar momentos de lazer e descontra\u00e7\u00e3o para voc\u00ea e sua fam\u00edlia.<\/p>\n<p>[nggallery id=1]<\/p>\n<p><strong>Contato com Henrique<br \/>\nFone : (16) 3397 4894<br \/>\n(16) 3397 4895<br \/>\nCol\u00f4nia de F\u00e9rias dos Comerci\u00e1rios do Estado de S\u00e3o Paulo<br \/>\nAvenida Presidente Castelo Branco , 8420<br \/>\nVila Mirim Praia Grande &#8211; SP<\/strong><\/p>\n","protected":false},"excerpt":{"rendered":"<p>Venha conhecer e se divertir na Col\u00f4nia de F\u00e9rias dos Comerci\u00e1rios do Estado de S\u00e3o Paulo. Momentos inesquec\u00edveis de descontra\u00e7\u00e3o e lazer. Apartamentos:\u00a0Muito confort\u00e1veis e bem decorados, com frigobar e ar condicionado. Piscinas:\u00a0Para adultos e crian\u00e7as. Solarium:\u00a0Jardinagem e ilumina\u00e7\u00e3o. Academia:\u00a0Esteiras, bicicletas ergom\u00e9tricas, steps, pesos, tudo para deix\u00e1-lo em forma. Sauna:\u00a0Seca e a vapor. Sal\u00e3o de [&hellip;]<\/p>\n","protected":false},"author":1,"featured_media":469,"parent":0,"menu_order":0,"comment_status":"open","ping_status":"closed","template":"","meta":{"_et_pb_use_builder":"","_et_pb_old_content":"","_et_gb_content_width":"","footnotes":""},"class_list":["post-1721","page","type-page","status-publish","has-post-thumbnail","hentry"],"_links":{"self":[{"href":"https:\/\/sincomerciariosararaquara.com.br\/home\/wp-json\/wp\/v2\/pages\/1721","targetHints":{"allow":["GET"]}}],"collection":[{"href":"https:\/\/sincomerciariosararaquara.com.br\/home\/wp-json\/wp\/v2\/pages"}],"about":[{"href":"https:\/\/sincomerciariosararaquara.com.br\/home\/wp-json\/wp\/v2\/types\/page"}],"author":[{"embeddable":true,"href":"https:\/\/sincomerciariosararaquara.com.br\/home\/wp-json\/wp\/v2\/users\/1"}],"replies":[{"embeddable":true,"href":"https:\/\/sincomerciariosararaquara.com.br\/home\/wp-json\/wp\/v2\/comments?post=1721"}],"version-history":[{"count":0,"href":"https:\/\/sincomerciariosararaquara.com.br\/home\/wp-json\/wp\/v2\/pages\/1721\/revisions"}],"wp:featuredmedia":[{"embeddable":true,"href":"https:\/\/sincomerciariosararaquara.com.br\/home\/wp-json\/wp\/v2\/media\/469"}],"wp:attachment":[{"href":"https:\/\/sincomerciariosararaquara.com.br\/home\/wp-json\/wp\/v2\/media?parent=1721"}],"curies":[{"name":"wp","href":"https:\/\/api.w.org\/{rel}","templated":true}]}}