{"id":1733,"date":"2013-02-28T20:46:20","date_gmt":"2013-02-28T20:46:20","guid":{"rendered":"http:\/\/sincomerciariosararaquara.com.br\/site\/?page_id=246"},"modified":"2026-03-25T11:47:02","modified_gmt":"2026-03-25T14:47:02","slug":"departamento-juridico","status":"publish","type":"page","link":"https:\/\/sincomerciariosararaquara.com.br\/home\/departamento-juridico\/","title":{"rendered":"Departamento Jur\u00eddico"},"content":{"rendered":"<p>[et_pb_section fb_built=&#8221;1&#8243; admin_label=&#8221;section&#8221; _builder_version=&#8221;4.16&#8243; global_colors_info=&#8221;{}&#8221;][et_pb_row admin_label=&#8221;row&#8221; _builder_version=&#8221;4.16&#8243; background_size=&#8221;initial&#8221; background_position=&#8221;top_left&#8221; background_repeat=&#8221;repeat&#8221; global_colors_info=&#8221;{}&#8221;][et_pb_column type=&#8221;4_4&#8243; _builder_version=&#8221;4.16&#8243; custom_padding=&#8221;|||&#8221; global_colors_info=&#8221;{}&#8221; custom_padding__hover=&#8221;|||&#8221;][et_pb_text admin_label=&#8221;Text&#8221; _builder_version=&#8221;4.16&#8243; background_size=&#8221;initial&#8221; background_position=&#8221;top_left&#8221; background_repeat=&#8221;repeat&#8221; global_colors_info=&#8221;{}&#8221;]<\/p>\n<p><img loading=\"lazy\" decoding=\"async\" class=\" wp-image-247 alignleft\" src=\"http:\/\/sincomerciariosararaquara.com.br\/home\/wp-content\/uploads\/2013\/02\/imgjuridica.jpg\" alt=\"imgjuridica\" width=\"171\" height=\"321\" \/><\/p>\n<p align=\"justify\"><strong>COMERCI\u00c1RIO<\/strong><\/p>\n<p align=\"justify\">Aqui voc\u00ea tem assist\u00eancia jur\u00eddica completa<\/p>\n<p align=\"justify\">Atendemos nas \u00e1reas trabalhistas, civil, fam\u00edlia, previdenci\u00e1ria (concess\u00f5es de aposentadoria e revis\u00f5es de benef\u00edcios) e defesa do consumidor.<\/p>\n<p align=\"justify\">Agende seu hor\u00e1rio e consulte nossos advogados<\/p>\n<p align=\"justify\">Rua Ruy Barbosa, 920 \u2013 Vila Xavier<br \/> Fone (16) 3397-4894 ou (16) 3397-4895.<\/p>\n<p align=\"justify\">Atendimento de segunda a sexta feira.<\/p>\n<p align=\"justify\">[\/et_pb_text][et_pb_image src=&#8221;https:\/\/sincomerciariosararaquara.com.br\/home\/wp-content\/uploads\/2021\/04\/WhatsApp-Image-2021-04-28-at-13.25.38-2.jpeg&#8221; _builder_version=&#8221;4.27.6&#8243; _module_preset=&#8221;default&#8221; global_colors_info=&#8221;{}&#8221;][\/et_pb_image][\/et_pb_column][\/et_pb_row][\/et_pb_section]<\/p>\n","protected":false},"excerpt":{"rendered":"<p>COMERCI\u00c1RIO Aqui voc\u00ea tem assist\u00eancia jur\u00eddica completa Atendemos nas \u00e1reas trabalhistas, civil, fam\u00edlia, previdenci\u00e1ria (concess\u00f5es de aposentadoria e revis\u00f5es de benef\u00edcios) e defesa do consumidor. Agende seu hor\u00e1rio e consulte nossos advogados Rua Ruy Barbosa, 920 \u2013 Vila Xavier Fone (16) 3397-4894 ou (16) 3397-4895. Atendimento de segunda a sexta feira.<\/p>\n","protected":false},"author":1,"featured_media":0,"parent":0,"menu_order":0,"comment_status":"open","ping_status":"closed","template":"","meta":{"_et_pb_use_builder":"on","_et_pb_old_content":"<img class=\" wp-image-247 alignleft\" src=\"http:\/\/sincomerciariosararaquara.com.br\/home\/wp-content\/uploads\/2013\/02\/imgjuridica.jpg\" alt=\"imgjuridica\" width=\"171\" height=\"321\" \/>\r\n<p align=\"justify\"><strong>COMERCI\u00c1RIO<\/strong><\/p>\r\n<p align=\"justify\">Aqui voc\u00ea tem assist\u00eancia jur\u00eddica completa<\/p>\r\n<p align=\"justify\">Atendemos nas \u00e1reas trabalhistas, civil, fam\u00edlia, previdenci\u00e1ria (concess\u00f5es de aposentadoria e revis\u00f5es de benef\u00edcios) e defesa do consumidor.<\/p>\r\n<p align=\"justify\">Agende seu hor\u00e1rio e consulte nossos advogados<\/p>\r\n<p align=\"justify\">Rua Ruy Barbosa, 920 \u2013 Vila Xavier\r\nFone (16) 3397-4894 ou (16) 3397-4895.<\/p>\r\n<p align=\"justify\">Atendimento de segunda a sexta feira.<\/p>\r\n<p align=\"justify\"><\/p>\r\n<p align=\"justify\"><img class=\"alignnone size-full wp-image-2831\" src=\"http:\/\/sincomerciariosararaquara.com.br\/home\/wp-content\/uploads\/2021\/04\/WhatsApp-Image-2021-04-28-at-13.25.38-2.jpeg\" alt=\"\" width=\"500\" height=\"497\" \/><\/p>","_et_gb_content_width":"","footnotes":""},"class_list":["post-1733","page","type-page","status-publish","hentry"],"_links":{"self":[{"href":"https:\/\/sincomerciariosararaquara.com.br\/home\/wp-json\/wp\/v2\/pages\/1733","targetHints":{"allow":["GET"]}}],"collection":[{"href":"https:\/\/sincomerciariosararaquara.com.br\/home\/wp-json\/wp\/v2\/pages"}],"about":[{"href":"https:\/\/sincomerciariosararaquara.com.br\/home\/wp-json\/wp\/v2\/types\/page"}],"author":[{"embeddable":true,"href":"https:\/\/sincomerciariosararaquara.com.br\/home\/wp-json\/wp\/v2\/users\/1"}],"replies":[{"embeddable":true,"href":"https:\/\/sincomerciariosararaquara.com.br\/home\/wp-json\/wp\/v2\/comments?post=1733"}],"version-history":[{"count":6,"href":"https:\/\/sincomerciariosararaquara.com.br\/home\/wp-json\/wp\/v2\/pages\/1733\/revisions"}],"predecessor-version":[{"id":3378,"href":"https:\/\/sincomerciariosararaquara.com.br\/home\/wp-json\/wp\/v2\/pages\/1733\/revisions\/3378"}],"wp:attachment":[{"href":"https:\/\/sincomerciariosararaquara.com.br\/home\/wp-json\/wp\/v2\/media?parent=1733"}],"curies":[{"name":"wp","href":"https:\/\/api.w.org\/{rel}","templated":true}]}}