{"id":2270,"date":"2019-08-05T09:34:44","date_gmt":"2019-08-05T12:34:44","guid":{"rendered":"http:\/\/sincomerciariosararaquara.com.br\/home\/?page_id=2270"},"modified":"2024-10-28T15:11:10","modified_gmt":"2024-10-28T18:11:10","slug":"beneficios","status":"publish","type":"page","link":"https:\/\/sincomerciariosararaquara.com.br\/home\/beneficios\/","title":{"rendered":"Benef\u00edcios"},"content":{"rendered":"<p>[et_pb_section bb_built=&#8221;1&#8243; admin_label=&#8221;section&#8221; transparent_background=&#8221;off&#8221; background_color=&#8221;#0c71c3&#8243; allow_player_pause=&#8221;off&#8221; inner_shadow=&#8221;off&#8221; parallax=&#8221;off&#8221; parallax_method=&#8221;on&#8221; make_fullwidth=&#8221;off&#8221; use_custom_width=&#8221;off&#8221; width_unit=&#8221;on&#8221; make_equal=&#8221;off&#8221; use_custom_gutter=&#8221;off&#8221; inner_width=&#8221;auto&#8221; inner_max_width=&#8221;1080px&#8221; next_background_color=&#8221;#ffffff&#8221;][et_pb_row admin_label=&#8221;row&#8221; background_position=&#8221;top_left&#8221; background_repeat=&#8221;repeat&#8221; background_size=&#8221;initial&#8221; width=&#8221;80%&#8221; max_width=&#8221;1080px&#8221;][et_pb_column type=&#8221;4_4&#8243; custom_padding__hover=&#8221;|||&#8221; custom_padding=&#8221;|||&#8221;][et_pb_text background_layout=&#8221;dark&#8221; text_orientation=&#8221;left&#8221; use_border_color=&#8221;off&#8221; border_color=&#8221;#ffffff&#8221; border_style=&#8221;solid&#8221; background_position=&#8221;top_left&#8221; background_repeat=&#8221;repeat&#8221; background_size=&#8221;initial&#8221; _builder_version=&#8221;3.27.3&#8243;]<\/p>\n<h2>Benef\u00edcios<\/h2>\n<p>[\/et_pb_text][\/et_pb_column][\/et_pb_row][\/et_pb_section][et_pb_section bb_built=&#8221;1&#8243; fullwidth=&#8221;off&#8221; specialty=&#8221;off&#8221; inner_width=&#8221;auto&#8221; inner_max_width=&#8221;1080px&#8221; prev_background_color=&#8221;#0c71c3&#8243;][et_pb_row background_position=&#8221;top_left&#8221; background_repeat=&#8221;repeat&#8221; background_size=&#8221;initial&#8221; width=&#8221;80%&#8221; max_width=&#8221;1080px&#8221;][et_pb_column type=&#8221;4_4&#8243; custom_padding__hover=&#8221;|||&#8221; custom_padding=&#8221;|||&#8221;][et_pb_text use_border_color=&#8221;off&#8221; background_position=&#8221;top_left&#8221; background_repeat=&#8221;repeat&#8221; background_size=&#8221;initial&#8221; _builder_version=&#8221;3.27.3&#8243; text_text_shadow_horizontal_length=&#8221;text_text_shadow_style,%91object Object%93&#8243; text_text_shadow_horizontal_length_tablet=&#8221;0px&#8221; text_text_shadow_vertical_length=&#8221;text_text_shadow_style,%91object Object%93&#8243; text_text_shadow_vertical_length_tablet=&#8221;0px&#8221; text_text_shadow_blur_strength=&#8221;text_text_shadow_style,%91object Object%93&#8243; text_text_shadow_blur_strength_tablet=&#8221;1px&#8221; link_text_shadow_horizontal_length=&#8221;link_text_shadow_style,%91object Object%93&#8243; link_text_shadow_horizontal_length_tablet=&#8221;0px&#8221; link_text_shadow_vertical_length=&#8221;link_text_shadow_style,%91object Object%93&#8243; link_text_shadow_vertical_length_tablet=&#8221;0px&#8221; link_text_shadow_blur_strength=&#8221;link_text_shadow_style,%91object Object%93&#8243; link_text_shadow_blur_strength_tablet=&#8221;1px&#8221; ul_text_shadow_horizontal_length=&#8221;ul_text_shadow_style,%91object Object%93&#8243; ul_text_shadow_horizontal_length_tablet=&#8221;0px&#8221; ul_text_shadow_vertical_length=&#8221;ul_text_shadow_style,%91object Object%93&#8243; ul_text_shadow_vertical_length_tablet=&#8221;0px&#8221; ul_text_shadow_blur_strength=&#8221;ul_text_shadow_style,%91object Object%93&#8243; ul_text_shadow_blur_strength_tablet=&#8221;1px&#8221; ol_text_shadow_horizontal_length=&#8221;ol_text_shadow_style,%91object Object%93&#8243; ol_text_shadow_horizontal_length_tablet=&#8221;0px&#8221; ol_text_shadow_vertical_length=&#8221;ol_text_shadow_style,%91object Object%93&#8243; ol_text_shadow_vertical_length_tablet=&#8221;0px&#8221; ol_text_shadow_blur_strength=&#8221;ol_text_shadow_style,%91object Object%93&#8243; ol_text_shadow_blur_strength_tablet=&#8221;1px&#8221; quote_text_shadow_horizontal_length=&#8221;quote_text_shadow_style,%91object Object%93&#8243; quote_text_shadow_horizontal_length_tablet=&#8221;0px&#8221; quote_text_shadow_vertical_length=&#8221;quote_text_shadow_style,%91object Object%93&#8243; quote_text_shadow_vertical_length_tablet=&#8221;0px&#8221; quote_text_shadow_blur_strength=&#8221;quote_text_shadow_style,%91object Object%93&#8243; quote_text_shadow_blur_strength_tablet=&#8221;1px&#8221; header_text_shadow_horizontal_length=&#8221;header_text_shadow_style,%91object Object%93&#8243; header_text_shadow_horizontal_length_tablet=&#8221;0px&#8221; header_text_shadow_vertical_length=&#8221;header_text_shadow_style,%91object Object%93&#8243; header_text_shadow_vertical_length_tablet=&#8221;0px&#8221; header_text_shadow_blur_strength=&#8221;header_text_shadow_style,%91object Object%93&#8243; header_text_shadow_blur_strength_tablet=&#8221;1px&#8221; header_2_text_shadow_horizontal_length=&#8221;header_2_text_shadow_style,%91object Object%93&#8243; header_2_text_shadow_horizontal_length_tablet=&#8221;0px&#8221; header_2_text_shadow_vertical_length=&#8221;header_2_text_shadow_style,%91object Object%93&#8243; header_2_text_shadow_vertical_length_tablet=&#8221;0px&#8221; header_2_text_shadow_blur_strength=&#8221;header_2_text_shadow_style,%91object Object%93&#8243; header_2_text_shadow_blur_strength_tablet=&#8221;1px&#8221; header_3_text_shadow_horizontal_length=&#8221;header_3_text_shadow_style,%91object Object%93&#8243; header_3_text_shadow_horizontal_length_tablet=&#8221;0px&#8221; header_3_text_shadow_vertical_length=&#8221;header_3_text_shadow_style,%91object Object%93&#8243; header_3_text_shadow_vertical_length_tablet=&#8221;0px&#8221; header_3_text_shadow_blur_strength=&#8221;header_3_text_shadow_style,%91object Object%93&#8243; header_3_text_shadow_blur_strength_tablet=&#8221;1px&#8221; header_4_text_shadow_horizontal_length=&#8221;header_4_text_shadow_style,%91object Object%93&#8243; header_4_text_shadow_horizontal_length_tablet=&#8221;0px&#8221; header_4_text_shadow_vertical_length=&#8221;header_4_text_shadow_style,%91object Object%93&#8243; header_4_text_shadow_vertical_length_tablet=&#8221;0px&#8221; header_4_text_shadow_blur_strength=&#8221;header_4_text_shadow_style,%91object Object%93&#8243; header_4_text_shadow_blur_strength_tablet=&#8221;1px&#8221; header_5_text_shadow_horizontal_length=&#8221;header_5_text_shadow_style,%91object Object%93&#8243; header_5_text_shadow_horizontal_length_tablet=&#8221;0px&#8221; header_5_text_shadow_vertical_length=&#8221;header_5_text_shadow_style,%91object Object%93&#8243; header_5_text_shadow_vertical_length_tablet=&#8221;0px&#8221; header_5_text_shadow_blur_strength=&#8221;header_5_text_shadow_style,%91object Object%93&#8243; header_5_text_shadow_blur_strength_tablet=&#8221;1px&#8221; header_6_text_shadow_horizontal_length=&#8221;header_6_text_shadow_style,%91object Object%93&#8243; header_6_text_shadow_horizontal_length_tablet=&#8221;0px&#8221; header_6_text_shadow_vertical_length=&#8221;header_6_text_shadow_style,%91object Object%93&#8243; header_6_text_shadow_vertical_length_tablet=&#8221;0px&#8221; header_6_text_shadow_blur_strength=&#8221;header_6_text_shadow_style,%91object Object%93&#8243; header_6_text_shadow_blur_strength_tablet=&#8221;1px&#8221; box_shadow_horizontal_tablet=&#8221;0px&#8221; box_shadow_vertical_tablet=&#8221;0px&#8221; box_shadow_blur_tablet=&#8221;40px&#8221; box_shadow_spread_tablet=&#8221;0px&#8221; z_index_tablet=&#8221;500&#8243;]<\/p>\n<p><strong><span style=\"color: #333333;\"><span style=\"font-family: Helvetica, sans-serif;\"><span style=\"font-size: small;\">CONV\u00caNIO PLANO DE SA\u00daDE UNIMED e HAPVIDA<\/span><\/span><\/span><\/strong><span style=\"color: #333333;\"><span style=\"font-family: Helvetica, sans-serif;\"><span style=\"font-size: small;\"><br \/>Assist\u00eancia completa mediante a apresenta\u00e7\u00e3o do recibo da mensalidade e carteirinha de s\u00f3cio.<\/span><\/span><\/span><\/p>\n<p><strong><span style=\"color: #333333;\"><span style=\"font-family: Helvetica, sans-serif;\"><span style=\"font-size: small;\">ASSIST\u00caNCIA ODONTOL\u00d3GICA \u2013 Dr\u00aa. VIRGINIA DE MOURA<\/span><\/span><\/span><\/strong><span style=\"color: #333333;\"><span style=\"font-family: Helvetica, sans-serif;\"><span style=\"font-size: small;\"><br \/>Atende associados (as) e seus dependentes. Atendimento com hora marcada. Agende sua consulta.<\/span><\/span><\/span><\/p>\n<p><strong><span style=\"color: #333333;\"><span style=\"font-family: Helvetica, sans-serif;\"><span style=\"font-size: small;\">DEPARTAMENTO JUR\u00cdDICO<\/span><\/span><\/span><\/strong><span style=\"color: #333333;\"><span style=\"font-family: Helvetica, sans-serif;\"><span style=\"font-size: small;\"><br \/>\u00c1reas trabalhista, c\u00edvel , fam\u00edlia e previdenci\u00e1rio.<\/span><\/span><\/span><\/p>\n<p><strong><span style=\"color: #333333;\"><span style=\"font-family: Helvetica, sans-serif;\"><span style=\"font-size: small;\">DEPARTAMENTO DE ORIENTA\u00c7\u00c3O \/ INFORMA\u00c7\u00c3O<\/span><\/span><\/span><\/strong><span style=\"color: #333333;\"><span style=\"font-family: Helvetica, sans-serif;\"><span style=\"font-size: small;\"><br \/>Antes de tomar atitude em rela\u00e7\u00e3o a qualquer problema que eventualmente ocorra em seu trabalho, procure orienta\u00e7\u00e3o no Sindicato.<\/span><\/span><\/span><\/p>\n<p><strong><span style=\"color: #333333;\"><span style=\"font-family: Helvetica, sans-serif;\"><span style=\"font-size: small;\">COL\u00d4NIA DE F\u00c9RIAS PRAIA<\/span><\/span><\/span><\/strong><span style=\"color: #333333;\"><span style=\"font-family: Helvetica, sans-serif;\"><span style=\"font-size: small;\"><br \/>Localizada na Praia Grande (Vila Mirim), frente para o mar, contendo 3 piscinas (adultos e crian\u00e7as), sauna (masculina e feminina), sala de jogos, sala de televis\u00e3o, restaurante, bar e lanchonete com m\u00fasica ao vivo, pista de dan\u00e7a, apartamentos coletivos, conjugado, luxo e su\u00edte m\u00e1ster.<\/span><\/span><\/span><\/p>\n<p><strong><span style=\"color: #333333;\"><span style=\"font-family: Helvetica, sans-serif;\"><span style=\"font-size: small;\">PARQUE AQU\u00c1TICO <\/span><\/span><\/span><\/strong><span style=\"color: #333333;\"><span style=\"font-family: Helvetica, sans-serif;\"><span style=\"font-size: small;\"><br \/>Localizada na cidade de Avar\u00e9, possui parque aqu\u00e1tico com op\u00e7\u00e3o de hospedagem em chal\u00e9s de frente a um lago<\/span><\/span><\/span><\/p>\n<p><strong><span style=\"color: #333333;\"><span style=\"font-family: Helvetica, sans-serif;\"><span style=\"font-size: small;\">ATENDIMENTO MANICURE E PEDICURE<br \/><\/span><\/span><\/span><\/strong><span style=\"color: #333333;\"><span style=\"font-family: Helvetica, sans-serif;\"><span style=\"font-size: small;\">Associado \u00e9 s\u00f3 agendar seu hor\u00e1rio \u2013 Sal\u00e3o Social do Sindicato.<\/span><\/span><\/span><\/p>\n<p><strong><span style=\"color: #333333;\"><span style=\"font-family: Helvetica, sans-serif;\"><span style=\"font-size: small;\">CONV\u00caNIO DROGA VEN<\/span><\/span><\/span><\/strong><span style=\"color: #333333;\"><span style=\"font-family: Helvetica, sans-serif;\"><span style=\"font-size: small;\"><br \/>Desconto de 40% nos medicamentos gen\u00e9ricos e 19% nos medicamentos n\u00e3o gen\u00e9ricos. Para ter o benef\u00edcio o comerci\u00e1rio deve ir ou ligar no sindicato para cadastrar seu CPF, sem custo.<\/span><\/span><\/span><\/p>\n<p><strong><span style=\"color: #333333;\"><span style=\"font-family: Helvetica, sans-serif;\"><span style=\"font-size: small;\">AUX\u00cdLIO NATALIDADE<\/span><\/span><\/span><\/strong><span style=\"color: #333333;\"><span style=\"font-family: Helvetica, sans-serif;\"><span style=\"font-size: small;\"><br \/>No valor correspondente a produtos b\u00e1sicos necess\u00e1rias ao rec\u00e9m-nascido.<\/span><\/span><\/span><\/p>\n<p><strong><span style=\"color: #333333;\"><span style=\"font-family: Helvetica, sans-serif;\"><span style=\"font-size: small;\">DEPARTAMENTO HOMOLOGA\u00c7\u00c3O<\/span><\/span><\/span><\/strong><span style=\"color: #333333;\"><span style=\"font-family: Helvetica, sans-serif;\"><span style=\"font-size: small;\"><br \/>A partir de 06 meses de registro, a empresa est\u00e1 obrigada a fazer o pagamento das verbas rescis\u00f3rias no sindicato ( est\u00e1 na Conven\u00e7\u00e3o Coletiva).<\/span><\/span><\/span><\/p>\n<p><strong><span style=\"color: #333333;\"><span style=\"font-family: Helvetica, sans-serif;\"><span style=\"font-size: small;\">SAL\u00c3O SOCIAL<\/span><\/span><\/span><\/strong><span style=\"color: #333333;\"><span style=\"font-family: Helvetica, sans-serif;\"><span style=\"font-size: small;\"><br \/>Para festas, eventos diversos e cursos.<\/span><\/span><\/span><\/p>\n<p><strong><span style=\"color: #333333;\"><span style=\"font-family: Helvetica, sans-serif;\"><span style=\"font-size: small;\">TORNEIOS ESPORTIVOS<\/span><\/span><\/span><\/strong><span style=\"color: #333333;\"><span style=\"font-family: Helvetica, sans-serif;\"><span style=\"font-size: small;\"><br \/>Torneios de Futsal, Truco e outros. Para participar basta trabalhar no com\u00e9rcio e estar em dia com suas obriga\u00e7\u00f5es para com o Sindicato.<\/span><\/span><\/span><\/p>\n<p><strong><span style=\"color: #333333;\"><span style=\"font-family: Helvetica, sans-serif;\"><span style=\"font-size: small;\">OUTROS BENEF\u00cdCIOS<\/span><\/span><\/span><\/strong><span style=\"color: #333333;\"><span style=\"font-family: Helvetica, sans-serif;\"><span style=\"font-size: small;\"><br \/>Conven\u00e7\u00e3o Coletiva de Trabalho (mais de oitenta cl\u00e1usulas), Conven\u00e7\u00e3o de hor\u00e1rio de Trabalho, sorteio de brindes atrav\u00e9s do Jornal O Sindical \u2013 conv\u00eanio seguro de vida, fax e xerox de documentos pessoais totalmente gr\u00e1tis.<\/span><\/span><\/span><\/p>\n<p>[\/et_pb_text][\/et_pb_column][\/et_pb_row][\/et_pb_section]<\/p>\n","protected":false},"excerpt":{"rendered":"<p>Benef\u00edcios CONV\u00caNIO PLANO DE SA\u00daDE UNIMED e HAPVIDAAssist\u00eancia completa mediante a apresenta\u00e7\u00e3o do recibo da mensalidade e carteirinha de s\u00f3cio.ASSIST\u00caNCIA ODONTOL\u00d3GICA \u2013 Dr\u00aa. VIRGINIA DE MOURAAtende associados (as) e seus dependentes. Atendimento com hora marcada. Agende sua consulta.DEPARTAMENTO JUR\u00cdDICO\u00c1reas trabalhista, c\u00edvel , fam\u00edlia e previdenci\u00e1rio.DEPARTAMENTO DE ORIENTA\u00c7\u00c3O \/ INFORMA\u00c7\u00c3OAntes de tomar atitude em rela\u00e7\u00e3o a [&hellip;]<\/p>\n","protected":false},"author":1,"featured_media":0,"parent":0,"menu_order":0,"comment_status":"closed","ping_status":"closed","template":"","meta":{"_et_pb_use_builder":"on","_et_pb_old_content":"","_et_gb_content_width":"","footnotes":""},"class_list":["post-2270","page","type-page","status-publish","hentry"],"_links":{"self":[{"href":"https:\/\/sincomerciariosararaquara.com.br\/home\/wp-json\/wp\/v2\/pages\/2270","targetHints":{"allow":["GET"]}}],"collection":[{"href":"https:\/\/sincomerciariosararaquara.com.br\/home\/wp-json\/wp\/v2\/pages"}],"about":[{"href":"https:\/\/sincomerciariosararaquara.com.br\/home\/wp-json\/wp\/v2\/types\/page"}],"author":[{"embeddable":true,"href":"https:\/\/sincomerciariosararaquara.com.br\/home\/wp-json\/wp\/v2\/users\/1"}],"replies":[{"embeddable":true,"href":"https:\/\/sincomerciariosararaquara.com.br\/home\/wp-json\/wp\/v2\/comments?post=2270"}],"version-history":[{"count":6,"href":"https:\/\/sincomerciariosararaquara.com.br\/home\/wp-json\/wp\/v2\/pages\/2270\/revisions"}],"predecessor-version":[{"id":3105,"href":"https:\/\/sincomerciariosararaquara.com.br\/home\/wp-json\/wp\/v2\/pages\/2270\/revisions\/3105"}],"wp:attachment":[{"href":"https:\/\/sincomerciariosararaquara.com.br\/home\/wp-json\/wp\/v2\/media?parent=2270"}],"curies":[{"name":"wp","href":"https:\/\/api.w.org\/{rel}","templated":true}]}}