{"id":2789,"date":"2021-04-13T10:12:59","date_gmt":"2021-04-13T13:12:59","guid":{"rendered":"http:\/\/sincomerciariosararaquara.com.br\/home\/?page_id=2789"},"modified":"2022-09-10T13:22:16","modified_gmt":"2022-09-10T16:22:16","slug":"unimed","status":"publish","type":"page","link":"https:\/\/sincomerciariosararaquara.com.br\/home\/unimed\/","title":{"rendered":"Unimed"},"content":{"rendered":"<p>A <strong>Unimed de Araraquara<\/strong> apresenta proposta do <strong>PLANO DE SA\u00daDE ADES\u00c3O<\/strong>, aos associados do <strong>SINCOMERCIARIOS- Sindicato dos Empregados no Com\u00e9rcio de Araraquara e seus dependentes legais.<\/strong><\/p>\n<p>A partir do conceito da Aten\u00e7\u00e3o Prim\u00e1ria \u00e0 Sa\u00fade (APS), a Unimed de Araraquara criou o <strong>Unimed Personal,<\/strong> modelo adotado em v\u00e1rios pa\u00edses desenvolvidos.<\/p>\n<p>O plano <strong>Unimed Personal<\/strong> \u00e9 um plano inovador, com foco no v\u00ednculo entre o m\u00e9dico e o paciente. O m\u00e9dico vai coordenar e acompanhar de perto a sua sa\u00fade, conhecer o seu contexto de vida com o objetivo de avali\u00e1-lo de forma completa.<br \/>\nCom o cuidado e o acompanhamento mais pr\u00f3ximo, o m\u00e9dico pode orient\u00e1-lo sobre mudan\u00e7as de h\u00e1bitos e atitudes que ir\u00e3o melhorar a sua qualidade de vida.<br \/>\nQuanto mais o m\u00e9dico conhece o seu hist\u00f3rico e o seu ambiente social, melhores ser\u00e3o as orienta\u00e7\u00f5es de promo\u00e7\u00e3o, preven\u00e7\u00e3o e tratamento da sa\u00fade, por meio de um plano de cuidados desenvolvido especialmente para voc\u00ea.<\/p>\n<p>O mesmo m\u00e9dico pode tamb\u00e9m cuidar da fam\u00edlia inteira. Assim fica f\u00e1cil conhecer o hist\u00f3rico familiar,<br \/>\nestreitando a rela\u00e7\u00e3o m\u00e9dico e paciente, sempre considerando a individualidade de cada um. Um jeito diferente<br \/>\nde cuidar da sua sa\u00fade e da sua fam\u00edlia.<\/p>\n<p><a href=\"https:\/\/sincomerciariosararaquara.com.br\/home\/wp-content\/uploads\/2022\/09\/FOR-VEN-025-Tabela-de-Preco-Plano-Personal-SINCOMERCIARIOS-FEV-2022.pdf\" target=\"_blank\" rel=\"noopener\">Clique Aqui e Saiba Mais<\/a><\/p>\n<p><a href=\"https:\/\/sincomerciariosararaquara.com.br\/home\/wp-content\/uploads\/2022\/09\/FOR.VEN_.023-Tabela-de-Preco-Plano-Adesao-1-E-2-SINCOMERCIARIOS-v.01.pdf\" target=\"_blank\" rel=\"noopener\">Clique Aqui e Saiba Mais<\/a><\/p>\n<p>Procedimentos sem coberturas (exemplos)<br \/>\nDespesas n\u00e3o vinculadas diretamente \u00e0 cobertura do contrato.<br \/>\nCobertura para exames\/procedimentos odontol\u00f3gicos.<br \/>\nProcedimentos, exames ou tratamentos realizados no exterior ou fora da \u00e1rea de abrang\u00eancia.<\/p>\n<p>Taxa de inscri\u00e7\u00e3o para cadastramento: R$ 10,00 (dez reais)or benefici\u00e1rio;<br \/>\n2\u00aa via do cart\u00e3o de identifica\u00e7\u00e3o: R$ 10,00 (dez reais) por cart\u00e3o emitido.<\/p>\n<p>Titular: Carteirinha ou termo de associado do SINCOMERCI\u00c1RIO, CPF, RG, Cart\u00e3o Nacional de Sa\u00fade e comprovante de endere\u00e7o (com CEP)<\/p>\n<p><img loading=\"lazy\" decoding=\"async\" class=\"alignnone size-full wp-image-2797\" src=\"http:\/\/sincomerciariosararaquara.com.br\/home\/wp-content\/uploads\/2021\/04\/docs.png\" alt=\"\" width=\"764\" height=\"119\" srcset=\"http:\/\/sincomerciariosararaquara.com.br\/home\/wp-content\/uploads\/2021\/04\/docs.png 764w, http:\/\/sincomerciariosararaquara.com.br\/home\/wp-content\/uploads\/2021\/04\/docs-480x75.png 480w\" sizes=\"(min-width: 0px) and (max-width: 480px) 480px, (min-width: 481px) 764px, 100vw\" \/><\/p>\n","protected":false},"excerpt":{"rendered":"<p>A Unimed de Araraquara apresenta proposta do PLANO DE SA\u00daDE ADES\u00c3O, aos associados do SINCOMERCIARIOS- Sindicato dos Empregados no Com\u00e9rcio de Araraquara e seus dependentes legais. A partir do conceito da Aten\u00e7\u00e3o Prim\u00e1ria \u00e0 Sa\u00fade (APS), a Unimed de Araraquara criou o Unimed Personal, modelo adotado em v\u00e1rios pa\u00edses desenvolvidos. O plano Unimed Personal \u00e9 [&hellip;]<\/p>\n","protected":false},"author":1,"featured_media":0,"parent":0,"menu_order":0,"comment_status":"closed","ping_status":"closed","template":"","meta":{"_et_pb_use_builder":"","_et_pb_old_content":"","_et_gb_content_width":"","footnotes":""},"class_list":["post-2789","page","type-page","status-publish","hentry"],"_links":{"self":[{"href":"https:\/\/sincomerciariosararaquara.com.br\/home\/wp-json\/wp\/v2\/pages\/2789","targetHints":{"allow":["GET"]}}],"collection":[{"href":"https:\/\/sincomerciariosararaquara.com.br\/home\/wp-json\/wp\/v2\/pages"}],"about":[{"href":"https:\/\/sincomerciariosararaquara.com.br\/home\/wp-json\/wp\/v2\/types\/page"}],"author":[{"embeddable":true,"href":"https:\/\/sincomerciariosararaquara.com.br\/home\/wp-json\/wp\/v2\/users\/1"}],"replies":[{"embeddable":true,"href":"https:\/\/sincomerciariosararaquara.com.br\/home\/wp-json\/wp\/v2\/comments?post=2789"}],"version-history":[{"count":4,"href":"https:\/\/sincomerciariosararaquara.com.br\/home\/wp-json\/wp\/v2\/pages\/2789\/revisions"}],"predecessor-version":[{"id":2986,"href":"https:\/\/sincomerciariosararaquara.com.br\/home\/wp-json\/wp\/v2\/pages\/2789\/revisions\/2986"}],"wp:attachment":[{"href":"https:\/\/sincomerciariosararaquara.com.br\/home\/wp-json\/wp\/v2\/media?parent=2789"}],"curies":[{"name":"wp","href":"https:\/\/api.w.org\/{rel}","templated":true}]}}