{"id":623,"date":"2013-12-16T15:29:04","date_gmt":"2013-12-16T17:29:04","guid":{"rendered":"http:\/\/sincomerciariosararaquara.com.br\/site\/?page_id=623"},"modified":"2018-10-25T10:28:03","modified_gmt":"2018-10-25T12:28:03","slug":"jornal-o-sindical-2","status":"publish","type":"page","link":"https:\/\/sincomerciariosararaquara.com.br\/home\/jornal-o-sindical-2\/","title":{"rendered":"Jornal o Sindical"},"content":{"rendered":"<p>[et_pb_section bb_built=&#8221;1&#8243; admin_label=&#8221;section&#8221;][et_pb_row admin_label=&#8221;Linha&#8221;][et_pb_column type=&#8221;4_4&#8243;][et_pb_text admin_label=&#8221;Texto&#8221; background_layout=&#8221;light&#8221; text_orientation=&#8221;left&#8221; use_border_color=&#8221;off&#8221; border_color=&#8221;#ffffff&#8221; border_style=&#8221;solid&#8221;]<\/p>\n<h3>\u00daltima Edi\u00e7\u00e3o<\/h3>\n<p>[\/et_pb_text][\/et_pb_column][\/et_pb_row][et_pb_row admin_label=&#8221;Linha&#8221;][et_pb_column type=&#8221;1_4&#8243;][et_pb_text admin_label=&#8221;Texto&#8221; background_layout=&#8221;light&#8221; text_orientation=&#8221;left&#8221; use_border_color=&#8221;off&#8221; border_color=&#8221;#ffffff&#8221; border_style=&#8221;solid&#8221;]<\/p>\n<p><a href=\"https:\/\/pt.calameo.com\/read\/0042196338ebc9f502bfd\" target=\"_blank\" rel=\"noopener\"><img loading=\"lazy\" decoding=\"async\" class=\"wp-image-2170 alignnone\" src=\"http:\/\/sincomerciariosararaquara.com.br\/home\/wp-content\/uploads\/2018\/10\/Captura-de-tela-de-2018-10-25-09-25-59.png\" alt=\"\" width=\"225\" height=\"323\" srcset=\"https:\/\/sincomerciariosararaquara.com.br\/home\/wp-content\/uploads\/2018\/10\/Captura-de-tela-de-2018-10-25-09-25-59.png 540w, https:\/\/sincomerciariosararaquara.com.br\/home\/wp-content\/uploads\/2018\/10\/Captura-de-tela-de-2018-10-25-09-25-59-209x300.png 209w\" sizes=\"(max-width: 225px) 100vw, 225px\" \/><\/a><\/p>\n<p>[\/et_pb_text][et_pb_text admin_label=&#8221;Texto&#8221; background_layout=&#8221;light&#8221; text_orientation=&#8221;left&#8221; use_border_color=&#8221;off&#8221; border_color=&#8221;#ffffff&#8221; border_style=&#8221;solid&#8221;]<\/p>\n<p><a href=\"https:\/\/pt.calameo.com\/read\/004219633042a20cc010d\" target=\"_blank\" rel=\"noopener\"><img loading=\"lazy\" decoding=\"async\" class=\"alignnone wp-image-2048\" src=\"http:\/\/sincomerciariosararaquara.com.br\/home\/wp-content\/uploads\/2013\/12\/Screenshot_20180417_093016.png\" alt=\"\" width=\"255\" height=\"360\" srcset=\"https:\/\/sincomerciariosararaquara.com.br\/home\/wp-content\/uploads\/2013\/12\/Screenshot_20180417_093016.png 524w, https:\/\/sincomerciariosararaquara.com.br\/home\/wp-content\/uploads\/2013\/12\/Screenshot_20180417_093016-212x300.png 212w\" sizes=\"(max-width: 255px) 100vw, 255px\" \/><\/a><\/p>\n<p>[\/et_pb_text][et_pb_text admin_label=&#8221;Texto&#8221; background_layout=&#8221;light&#8221; text_orientation=&#8221;left&#8221; use_border_color=&#8221;off&#8221; border_color=&#8221;#ffffff&#8221; border_style=&#8221;solid&#8221;]<\/p>\n<p><a href=\"https:\/\/pt.calameo.com\/read\/00421963316bcfa7e173b\" target=\"_blank\" rel=\"noopener\"><img loading=\"lazy\" decoding=\"async\" class=\"alignnone size-full wp-image-1971\" src=\"http:\/\/sincomerciariosararaquara.com.br\/home\/wp-content\/uploads\/2013\/12\/jornal-1.png\" alt=\"\" width=\"225\" height=\"318\" srcset=\"https:\/\/sincomerciariosararaquara.com.br\/home\/wp-content\/uploads\/2013\/12\/jornal-1.png 225w, https:\/\/sincomerciariosararaquara.com.br\/home\/wp-content\/uploads\/2013\/12\/jornal-1-212x300.png 212w\" sizes=\"(max-width: 225px) 100vw, 225px\" \/><\/a><\/p>\n<p>[\/et_pb_text][et_pb_text admin_label=&#8221;Texto&#8221; background_layout=&#8221;light&#8221; text_orientation=&#8221;left&#8221; use_border_color=&#8221;off&#8221; border_color=&#8221;#ffffff&#8221; border_style=&#8221;solid&#8221;]<\/p>\n<p><a href=\"https:\/\/pt.calameo.com\/read\/004219633993c989cb452\" target=\"_blank\" rel=\"noopener noreferrer\"><img loading=\"lazy\" decoding=\"async\" class=\"alignnone size-full wp-image-1880\" src=\"http:\/\/sincomerciariosararaquara.com.br\/home\/wp-content\/uploads\/2013\/12\/julho.png\" alt=\"\" width=\"300\" height=\"424\" srcset=\"https:\/\/sincomerciariosararaquara.com.br\/home\/wp-content\/uploads\/2013\/12\/julho.png 300w, https:\/\/sincomerciariosararaquara.com.br\/home\/wp-content\/uploads\/2013\/12\/julho-212x300.png 212w\" sizes=\"(max-width: 300px) 100vw, 300px\" \/><\/a><\/p>\n<p>[\/et_pb_text][et_pb_text admin_label=&#8221;Texto&#8221; background_layout=&#8221;light&#8221; text_orientation=&#8221;left&#8221; use_border_color=&#8221;off&#8221; border_color=&#8221;#ffffff&#8221; border_style=&#8221;solid&#8221;]<\/p>\n<p><a href=\"https:\/\/pt.calameo.com\/read\/004219633ff7061217e20\" target=\"_blank\" rel=\"noopener noreferrer\"><img loading=\"lazy\" decoding=\"async\" class=\"alignnone wp-image-1709\" src=\"http:\/\/sincomerciariosararaquara.com.br\/home\/wp-content\/uploads\/2013\/12\/jornal-sindicato.png\" alt=\"jornal-sindicato\" width=\"303\" height=\"429\" srcset=\"https:\/\/sincomerciariosararaquara.com.br\/home\/wp-content\/uploads\/2013\/12\/jornal-sindicato.png 513w, https:\/\/sincomerciariosararaquara.com.br\/home\/wp-content\/uploads\/2013\/12\/jornal-sindicato-212x300.png 212w\" sizes=\"(max-width: 303px) 100vw, 303px\" \/><\/a><\/p>\n<p>[\/et_pb_text][\/et_pb_column][et_pb_column type=&#8221;1_4&#8243;][et_pb_text admin_label=&#8221;Texto&#8221; background_layout=&#8221;light&#8221; text_orientation=&#8221;left&#8221; use_border_color=&#8221;off&#8221; border_color=&#8221;#ffffff&#8221; border_style=&#8221;solid&#8221;]<\/p>\n<p><a href=\"https:\/\/pt.calameo.com\/read\/004219633ee4102628e60\" target=\"_blank\" rel=\"noopener noreferrer\"><img loading=\"lazy\" decoding=\"async\" class=\"alignnone wp-image-1629\" src=\"http:\/\/sincomerciariosararaquara.com.br\/home\/wp-content\/uploads\/2013\/12\/jornal_DEZ_2017.png\" alt=\"jornal_dez_2017\" width=\"298\" height=\"423\" srcset=\"https:\/\/sincomerciariosararaquara.com.br\/home\/wp-content\/uploads\/2013\/12\/jornal_DEZ_2017.png 525w, https:\/\/sincomerciariosararaquara.com.br\/home\/wp-content\/uploads\/2013\/12\/jornal_DEZ_2017-211x300.png 211w\" sizes=\"(max-width: 298px) 100vw, 298px\" \/><\/a><\/p>\n<p>[\/et_pb_text][et_pb_text admin_label=&#8221;Texto&#8221; background_layout=&#8221;light&#8221; text_orientation=&#8221;left&#8221; use_border_color=&#8221;off&#8221; border_color=&#8221;#ffffff&#8221; border_style=&#8221;solid&#8221;]<\/p>\n<p><a href=\"http:\/\/pt.calameo.com\/read\/00421963374a989105ecb\" target=\"_blank\" rel=\"noopener noreferrer\"><img loading=\"lazy\" decoding=\"async\" class=\"alignnone size-full wp-image-1258\" src=\"http:\/\/sincomerciariosararaquara.com.br\/home\/wp-content\/uploads\/2013\/12\/capajornal.png\" alt=\"capajornal\" width=\"300\" height=\"428\" srcset=\"https:\/\/sincomerciariosararaquara.com.br\/home\/wp-content\/uploads\/2013\/12\/capajornal.png 300w, https:\/\/sincomerciariosararaquara.com.br\/home\/wp-content\/uploads\/2013\/12\/capajornal-210x300.png 210w\" sizes=\"(max-width: 300px) 100vw, 300px\" \/><\/a><\/p>\n<p>[\/et_pb_text][et_pb_text admin_label=&#8221;Texto&#8221; background_layout=&#8221;light&#8221; text_orientation=&#8221;left&#8221; use_border_color=&#8221;off&#8221; border_color=&#8221;#ffffff&#8221; border_style=&#8221;solid&#8221;]<\/p>\n<p><a href=\"http:\/\/pt.calameo.com\/read\/004219633b6f83e57370d\" target=\"_blank\" rel=\"noopener noreferrer\"><img loading=\"lazy\" decoding=\"async\" class=\"alignnone size-full wp-image-864\" src=\"http:\/\/sincomerciariosararaquara.com.br\/home\/wp-content\/uploads\/2013\/12\/jornal.png\" alt=\"jornal\" width=\"300\" height=\"428\" srcset=\"https:\/\/sincomerciariosararaquara.com.br\/home\/wp-content\/uploads\/2013\/12\/jornal.png 300w, https:\/\/sincomerciariosararaquara.com.br\/home\/wp-content\/uploads\/2013\/12\/jornal-210x300.png 210w\" sizes=\"(max-width: 300px) 100vw, 300px\" \/><\/a><\/p>\n<p>[\/et_pb_text][et_pb_text admin_label=&#8221;Texto&#8221; background_layout=&#8221;light&#8221; text_orientation=&#8221;left&#8221; use_border_color=&#8221;off&#8221; border_color=&#8221;#ffffff&#8221; border_style=&#8221;solid&#8221;]<\/p>\n<p><a href=\"http:\/\/pt.calameo.com\/read\/004219633e75c513965b7\" target=\"_blank\" rel=\"noopener noreferrer\"><img loading=\"lazy\" decoding=\"async\" class=\"alignnone size-full wp-image-918\" src=\"http:\/\/sincomerciariosararaquara.com.br\/home\/wp-content\/uploads\/2013\/12\/capa.jpeg\" alt=\"capa\" width=\"300\" height=\"440\" srcset=\"https:\/\/sincomerciariosararaquara.com.br\/home\/wp-content\/uploads\/2013\/12\/capa.jpeg 300w, https:\/\/sincomerciariosararaquara.com.br\/home\/wp-content\/uploads\/2013\/12\/capa-205x300.jpeg 205w\" sizes=\"(max-width: 300px) 100vw, 300px\" \/><\/a><\/p>\n<p>[\/et_pb_text][\/et_pb_column][et_pb_column type=&#8221;1_4&#8243;][et_pb_text admin_label=&#8221;Texto&#8221; background_layout=&#8221;light&#8221; text_orientation=&#8221;left&#8221; use_border_color=&#8221;off&#8221; border_color=&#8221;#ffffff&#8221; border_style=&#8221;solid&#8221;]<\/p>\n<p><a href=\"https:\/\/pt.calameo.com\/read\/004219633948ebf8b7321\" target=\"_blank\" rel=\"noopener noreferrer\"><img loading=\"lazy\" decoding=\"async\" class=\"alignnone wp-image-1601\" src=\"http:\/\/sincomerciariosararaquara.com.br\/home\/wp-content\/uploads\/2013\/12\/PRINT2-211x300.png\" alt=\"print2\" width=\"298\" height=\"424\" srcset=\"https:\/\/sincomerciariosararaquara.com.br\/home\/wp-content\/uploads\/2013\/12\/PRINT2-211x300.png 211w, https:\/\/sincomerciariosararaquara.com.br\/home\/wp-content\/uploads\/2013\/12\/PRINT2.png 456w\" sizes=\"(max-width: 298px) 100vw, 298px\" \/><\/a><\/p>\n<p>[\/et_pb_text][et_pb_text admin_label=&#8221;Texto&#8221; background_layout=&#8221;light&#8221; text_orientation=&#8221;left&#8221; use_border_color=&#8221;off&#8221; border_color=&#8221;#ffffff&#8221; border_style=&#8221;solid&#8221;]<\/p>\n<p><a href=\"https:\/\/pt.calameo.com\/read\/004219633d67d72ec9ed9\" target=\"_blank\" rel=\"noopener noreferrer\"><img loading=\"lazy\" decoding=\"async\" class=\"alignnone size-full wp-image-1171\" src=\"http:\/\/sincomerciariosararaquara.com.br\/home\/wp-content\/uploads\/2013\/12\/JORNAL-O-SINDICAL-DEZEMBRO-2015-1.jpg\" alt=\"JORNAL O SINDICAL DEZEMBRO 2015-1\" width=\"300\" height=\"423\" srcset=\"https:\/\/sincomerciariosararaquara.com.br\/home\/wp-content\/uploads\/2013\/12\/JORNAL-O-SINDICAL-DEZEMBRO-2015-1.jpg 300w, https:\/\/sincomerciariosararaquara.com.br\/home\/wp-content\/uploads\/2013\/12\/JORNAL-O-SINDICAL-DEZEMBRO-2015-1-213x300.jpg 213w\" sizes=\"(max-width: 300px) 100vw, 300px\" \/><\/a><\/p>\n<p>[\/et_pb_text][et_pb_text admin_label=&#8221;Texto&#8221; background_layout=&#8221;light&#8221; text_orientation=&#8221;left&#8221; use_border_color=&#8221;off&#8221; border_color=&#8221;#ffffff&#8221; border_style=&#8221;solid&#8221;]<\/p>\n<p><a href=\"http:\/\/sincomerciariosararaquara.com.br\/site\/dezembro2014\" target=\"_blank\" rel=\"noopener noreferrer\"><img loading=\"lazy\" decoding=\"async\" class=\"alignnone size-full wp-image-846\" src=\"http:\/\/sincomerciariosararaquara.com.br\/home\/wp-content\/uploads\/2013\/12\/capa.jpg\" alt=\"capa\" width=\"300\" height=\"428\" srcset=\"https:\/\/sincomerciariosararaquara.com.br\/home\/wp-content\/uploads\/2013\/12\/capa.jpg 300w, https:\/\/sincomerciariosararaquara.com.br\/home\/wp-content\/uploads\/2013\/12\/capa-210x300.jpg 210w\" sizes=\"(max-width: 300px) 100vw, 300px\" \/><\/a><\/p>\n<p>[\/et_pb_text][et_pb_text admin_label=&#8221;Texto&#8221; background_layout=&#8221;light&#8221; text_orientation=&#8221;left&#8221; use_border_color=&#8221;off&#8221; border_color=&#8221;#ffffff&#8221; border_style=&#8221;solid&#8221;]<\/p>\n<p><a href=\"http:\/\/sincomerciariosararaquara.com.br\/home\/wp-content\/uploads\/2016\/05\/Documento-1.pdf\" target=\"_blank\" rel=\"noopener noreferrer\"><img loading=\"lazy\" decoding=\"async\" class=\"alignnone size-full wp-image-1297\" src=\"http:\/\/sincomerciariosararaquara.com.br\/home\/wp-content\/uploads\/2013\/12\/print.png\" alt=\"print\" width=\"300\" height=\"427\" srcset=\"https:\/\/sincomerciariosararaquara.com.br\/home\/wp-content\/uploads\/2013\/12\/print.png 300w, https:\/\/sincomerciariosararaquara.com.br\/home\/wp-content\/uploads\/2013\/12\/print-211x300.png 211w\" sizes=\"(max-width: 300px) 100vw, 300px\" \/><\/a><\/p>\n<p>[\/et_pb_text][\/et_pb_column][et_pb_column type=&#8221;1_4&#8243;][et_pb_text admin_label=&#8221;Texto&#8221; background_layout=&#8221;light&#8221; text_orientation=&#8221;left&#8221; use_border_color=&#8221;off&#8221; border_color=&#8221;#ffffff&#8221; border_style=&#8221;solid&#8221;]<\/p>\n<p><a href=\"https:\/\/pt.calameo.com\/read\/0042196337c3db2ab1cd9\" target=\"_blank\" rel=\"noopener noreferrer\"><img loading=\"lazy\" decoding=\"async\" class=\"alignnone size-full wp-image-1319\" src=\"http:\/\/sincomerciariosararaquara.com.br\/home\/wp-content\/uploads\/2013\/12\/jornalsindicato.png\" alt=\"jornalsindicato\" width=\"300\" height=\"411\" srcset=\"https:\/\/sincomerciariosararaquara.com.br\/home\/wp-content\/uploads\/2013\/12\/jornalsindicato.png 300w, https:\/\/sincomerciariosararaquara.com.br\/home\/wp-content\/uploads\/2013\/12\/jornalsindicato-219x300.png 219w\" sizes=\"(max-width: 300px) 100vw, 300px\" \/><\/a><\/p>\n<p>[\/et_pb_text][et_pb_text admin_label=&#8221;Texto&#8221; background_layout=&#8221;light&#8221; text_orientation=&#8221;left&#8221; use_border_color=&#8221;off&#8221; border_color=&#8221;#ffffff&#8221; border_style=&#8221;solid&#8221;]<\/p>\n<p><a href=\"http:\/\/pt.calameo.com\/read\/004219633086a228e4a18\" target=\"_blank\" rel=\"noopener noreferrer\"><img loading=\"lazy\" decoding=\"async\" class=\"alignnone size-full wp-image-1058\" src=\"http:\/\/sincomerciariosararaquara.com.br\/home\/wp-content\/uploads\/2013\/12\/13.png\" alt=\"13\" width=\"300\" height=\"428\" srcset=\"https:\/\/sincomerciariosararaquara.com.br\/home\/wp-content\/uploads\/2013\/12\/13.png 300w, https:\/\/sincomerciariosararaquara.com.br\/home\/wp-content\/uploads\/2013\/12\/13-210x300.png 210w\" sizes=\"(max-width: 300px) 100vw, 300px\" \/><\/a><\/p>\n<p>[\/et_pb_text][et_pb_text admin_label=&#8221;Texto&#8221; background_layout=&#8221;light&#8221; text_orientation=&#8221;left&#8221; use_border_color=&#8221;off&#8221; border_color=&#8221;#ffffff&#8221; border_style=&#8221;solid&#8221;]<\/p>\n<p><a href=\"http:\/\/sincomerciariosararaquara.com.br\/site\/outubro\/index.html\" target=\"_blank\" rel=\"noopener noreferrer\"><img loading=\"lazy\" decoding=\"async\" class=\"alignnone size-full wp-image-807\" src=\"http:\/\/sincomerciariosararaquara.com.br\/home\/wp-content\/uploads\/2013\/12\/12.png\" alt=\"1\" width=\"300\" height=\"429\" srcset=\"https:\/\/sincomerciariosararaquara.com.br\/home\/wp-content\/uploads\/2013\/12\/12.png 300w, https:\/\/sincomerciariosararaquara.com.br\/home\/wp-content\/uploads\/2013\/12\/12-210x300.png 210w\" sizes=\"(max-width: 300px) 100vw, 300px\" \/><\/a><\/p>\n<p>[\/et_pb_text][\/et_pb_column][\/et_pb_row][\/et_pb_section]<\/p>\n","protected":false},"excerpt":{"rendered":"<p>\u00daltima Edi\u00e7\u00e3o<\/p>\n","protected":false},"author":1,"featured_media":608,"parent":0,"menu_order":0,"comment_status":"open","ping_status":"closed","template":"","meta":{"_et_pb_use_builder":"on","_et_pb_old_content":"<p>\u00daltimas edi\u00e7\u00f5es<\/p><p><a href=\"https:\/\/pt.calameo.com\/read\/004219633ff7061217e20\" target=\"_blank\" rel=\"noopener noreferrer\"><img class=\"alignnone wp-image-1709\" src=\"http:\/\/sincomerciariosararaquara.com.br\/home\/wp-content\/uploads\/2013\/12\/jornal-sindicato.png\" alt=\"jornal-sindicato\" width=\"303\" height=\"429\" \/><\/a><\/p><p>\u00a0<\/p><p><a href=\"https:\/\/pt.calameo.com\/read\/004219633ee4102628e60\" target=\"_blank\" rel=\"noopener noreferrer\"><img class=\"alignnone wp-image-1629\" src=\"http:\/\/sincomerciariosararaquara.com.br\/home\/wp-content\/uploads\/2013\/12\/jornal_DEZ_2017.png\" alt=\"jornal_dez_2017\" width=\"298\" height=\"423\" \/><\/a><\/p><p>\u00a0<\/p><p><a href=\"https:\/\/pt.calameo.com\/read\/004219633948ebf8b7321\" target=\"_blank\" rel=\"noopener noreferrer\"><img class=\"alignnone wp-image-1601\" src=\"http:\/\/sincomerciariosararaquara.com.br\/home\/wp-content\/uploads\/2013\/12\/PRINT2-211x300.png\" alt=\"print2\" width=\"298\" height=\"424\" \/><\/a><\/p><p>\u00a0<\/p><p><a href=\"https:\/\/pt.calameo.com\/read\/0042196337c3db2ab1cd9\" target=\"_blank\" rel=\"noopener noreferrer\"><img class=\"alignnone size-full wp-image-1319\" src=\"http:\/\/sincomerciariosararaquara.com.br\/home\/wp-content\/uploads\/2013\/12\/jornalsindicato.png\" alt=\"jornalsindicato\" width=\"300\" height=\"411\" \/><\/a><\/p><p>\u00a0<\/p><p><a href=\"http:\/\/sincomerciariosararaquara.com.br\/home\/wp-content\/uploads\/2016\/05\/Documento-1.pdf\" target=\"_blank\" rel=\"noopener noreferrer\"><img class=\"alignnone size-full wp-image-1297\" src=\"http:\/\/sincomerciariosararaquara.com.br\/home\/wp-content\/uploads\/2013\/12\/print.png\" alt=\"print\" width=\"300\" height=\"427\" \/><\/a><\/p><p>\u00a0<\/p><p>\u00a0<\/p><p><a href=\"http:\/\/pt.calameo.com\/read\/00421963374a989105ecb\" target=\"_blank\" rel=\"noopener noreferrer\"><img class=\"alignnone size-full wp-image-1258\" src=\"http:\/\/sincomerciariosararaquara.com.br\/home\/wp-content\/uploads\/2013\/12\/capajornal.png\" alt=\"capajornal\" width=\"300\" height=\"428\" \/><\/a><\/p><p>\u00a0<\/p><p>\u00a0<\/p><p>\u00a0<\/p><p>\u00a0<\/p><p>\u00a0<\/p><p><a href=\"https:\/\/pt.calameo.com\/read\/004219633d67d72ec9ed9\" target=\"_blank\" rel=\"noopener noreferrer\"><img class=\"alignnone size-full wp-image-1171\" src=\"http:\/\/sincomerciariosararaquara.com.br\/home\/wp-content\/uploads\/2013\/12\/JORNAL-O-SINDICAL-DEZEMBRO-2015-1.jpg\" alt=\"JORNAL O SINDICAL DEZEMBRO 2015-1\" width=\"300\" height=\"423\" \/><\/a><\/p><p>\u00a0<\/p><p><a href=\"http:\/\/pt.calameo.com\/read\/004219633086a228e4a18\" target=\"_blank\" rel=\"noopener noreferrer\"><img class=\"alignnone size-full wp-image-1058\" src=\"http:\/\/sincomerciariosararaquara.com.br\/home\/wp-content\/uploads\/2013\/12\/13.png\" alt=\"13\" width=\"300\" height=\"428\" \/><\/a><\/p><p>\u00a0<\/p><p>\u00a0<\/p><p>\u00a0<\/p><p><a href=\"http:\/\/pt.calameo.com\/read\/004219633e75c513965b7\" target=\"_blank\" rel=\"noopener noreferrer\"><img class=\"alignnone size-full wp-image-918\" src=\"http:\/\/sincomerciariosararaquara.com.br\/home\/wp-content\/uploads\/2013\/12\/capa.jpeg\" alt=\"capa\" width=\"300\" height=\"440\" \/><\/a><\/p><p>\u00a0<\/p><p><a href=\"http:\/\/pt.calameo.com\/read\/004219633b6f83e57370d\" target=\"_blank\" rel=\"noopener noreferrer\"><img class=\"alignnone size-full wp-image-864\" src=\"http:\/\/sincomerciariosararaquara.com.br\/home\/wp-content\/uploads\/2013\/12\/jornal.png\" alt=\"jornal\" width=\"300\" height=\"428\" \/><\/a><\/p><p>\u00a0<\/p><p>\u00a0<\/p><p><a href=\"http:\/\/sincomerciariosararaquara.com.br\/site\/dezembro2014\" target=\"_blank\" rel=\"noopener noreferrer\"><img class=\"alignnone size-full wp-image-846\" src=\"http:\/\/sincomerciariosararaquara.com.br\/home\/wp-content\/uploads\/2013\/12\/capa.jpg\" alt=\"capa\" width=\"300\" height=\"428\" \/><\/a><\/p><p>\u00a0<\/p><p>\u00a0<\/p><p><a href=\"http:\/\/sincomerciariosararaquara.com.br\/site\/outubro\/index.html\" target=\"_blank\" rel=\"noopener noreferrer\"><img class=\"alignnone size-full wp-image-807\" src=\"http:\/\/sincomerciariosararaquara.com.br\/home\/wp-content\/uploads\/2013\/12\/12.png\" alt=\"1\" width=\"300\" height=\"429\" \/><\/a><\/p><p>\u00a0<\/p><p>\u00a0<\/p>","_et_gb_content_width":"","footnotes":""},"class_list":["post-623","page","type-page","status-publish","has-post-thumbnail","hentry"],"_links":{"self":[{"href":"https:\/\/sincomerciariosararaquara.com.br\/home\/wp-json\/wp\/v2\/pages\/623","targetHints":{"allow":["GET"]}}],"collection":[{"href":"https:\/\/sincomerciariosararaquara.com.br\/home\/wp-json\/wp\/v2\/pages"}],"about":[{"href":"https:\/\/sincomerciariosararaquara.com.br\/home\/wp-json\/wp\/v2\/types\/page"}],"author":[{"embeddable":true,"href":"https:\/\/sincomerciariosararaquara.com.br\/home\/wp-json\/wp\/v2\/users\/1"}],"replies":[{"embeddable":true,"href":"https:\/\/sincomerciariosararaquara.com.br\/home\/wp-json\/wp\/v2\/comments?post=623"}],"version-history":[{"count":9,"href":"https:\/\/sincomerciariosararaquara.com.br\/home\/wp-json\/wp\/v2\/pages\/623\/revisions"}],"predecessor-version":[{"id":2171,"href":"https:\/\/sincomerciariosararaquara.com.br\/home\/wp-json\/wp\/v2\/pages\/623\/revisions\/2171"}],"wp:featuredmedia":[{"embeddable":true,"href":"https:\/\/sincomerciariosararaquara.com.br\/home\/wp-json\/wp\/v2\/media\/608"}],"wp:attachment":[{"href":"https:\/\/sincomerciariosararaquara.com.br\/home\/wp-json\/wp\/v2\/media?parent=623"}],"curies":[{"name":"wp","href":"https:\/\/api.w.org\/{rel}","templated":true}]}}